{"id":26,"date":"2020-11-19T12:11:40","date_gmt":"2020-11-19T12:11:40","guid":{"rendered":"https:\/\/tmsdrrachid.com\/?page_id=26"},"modified":"2021-01-14T14:19:29","modified_gmt":"2021-01-14T14:19:29","slug":"other-treatments","status":"publish","type":"page","link":"https:\/\/tmsdrrachid.com\/fr\/other-treatments\/","title":{"rendered":"Autres Traitements"},"content":{"rendered":"<h1>\n\t\tAutres Traitements\n\t<\/h1>\n\t\t\t<h2>Th\u00e9rapie des Sch\u00e9ma <\/h2>\n\t<p class=\"translation-block\">La th\u00e9rapie des sch\u00e9mas est l'une des approches de psychoth\u00e9rapie les plus r\u00e9centes qui a \u00e9t\u00e9 d\u00e9velopp\u00e9e dans les ann\u00e9es 80s par Jeffrey E. Young comme application dans le traitement des troubles de la personnalit\u00e9 et des troubles chroniques de l'axe I (troubles anxieux, trouble d\u00e9pressif majeur, dysthymie, \u00e9tat de stress post-traumatique et trouble douloureux. ) chez des patients n\u2019ayant pas r\u00e9pondu ou ayant rechut\u00e9 apr\u00e8s avoir suivi d'autres th\u00e9rapies (par exemple, la th\u00e9rapie cognitivo-comportementale traditionnelle).<\/p>\n<p>La th\u00e9rapie des sch\u00e9mas est l'une des approches de psychoth\u00e9rapie les plus r\u00e9centes qui a \u00e9t\u00e9 d\u00e9velopp\u00e9e dans les ann\u00e9es 80s par Jeffrey E. Young comme application dans le traitement des troubles de la personnalit\u00e9 et des troubles chroniques de l'axe I (troubles anxieux, trouble d\u00e9pressif majeur, dysthymie, \u00e9tat de stress post-traumatique et trouble douloureux. ) chez des patients n\u2019ayant pas r\u00e9pondu ou ayant rechut\u00e9 apr\u00e8s avoir suivi d'autres th\u00e9rapies (par exemple, la th\u00e9rapie cognitivo-comportementale traditionnelle).<\/p>\n<p>Le but de la th\u00e9rapie des sch\u00e9ma est d'aider les patients \u00e0 r\u00e9pondre \u00e0 leurs besoins \u00e9motionnels de base en les aidant \u00e0 apprendre \u00e0:<\/p>\n\t<ul>\n\t\t\t<li>\n\t\t\t\tgu\u00e9rir les sch\u00e9mas en diminuant l'intensit\u00e9 des souvenirs \u00e9motionnels comprenant le sch\u00e9ma et l'intensit\u00e9 des sensations corporelles, et en corrigeant les sch\u00e9mas cognitifs li\u00e9s au sch\u00e9ma; \n\t\t\t<\/li>\n\t\t\t<li>\n\t\t\t\tremplacer les styles d'adaptation et les r\u00e9ponses inadapt\u00e9s par des mod\u00e8les de comportement adapt\u00e9s.\n\t\t\t<\/li>\n\t\t<\/ul>\n\t<p>Il existe une litt\u00e9rature croissante d'\u00e9tudes sur la th\u00e9rapie des sch\u00e9ma, o\u00f9 la th\u00e9rapie des sch\u00e9ma a montr\u00e9 des r\u00e9sultats impressionnants.<\/p>\n\t\t\t<h3>Stimulation transcr\u00e2nienne par courant direct continu (tDCS):<\/h3>\n\t\t\t\t<p>Transcranial Direct-Current Stimulation (tDCS), is a form of brain stimulation. tTDC is non-invasive, painless, safe and portable neuromodulation technique that produces immediate and lasting changes in brain function by delivering to targeted areas of the brain via electrodes on the scalp a low direct electric current. A fixed current between 1 and 2 mA is typically applied with a positive (anodal) or negative (cathodal) current via electrodes to a specific area. When the stimulator is turned on, current flows from the device to the electrode, and subsequently through the brain. Electrical stimulation performed in this way can be used to either &#8220;excite&#8221; (anode) or &#8220;inhibit&#8221; (cathode) neuronal activity at the target area.<\/p>\n<p>Pendant la tDCS, la plupart des gens ressentiront un l\u00e9ger picotement, des d\u00e9mangeaisons ou de la chaleur sur le site de stimulation. Ces sensations ne sont pas douloureuses et disparaissent lorsque la stimulation s'arr\u00eate. Le tDCS modifie le d\u00e9clenchement neuronal et en renfor\u00e7ant la transmission synaptique entre les neurones en augmentant la plasticit\u00e9 synaptique.<\/p>\n<p>Le tDCS a beaucoup moins d'effets secondaires que les m\u00e9dicaments. Les effets secondaires du tDCS comprennent une rougeur cutan\u00e9e temporaire sur le site de stimulation, des d\u00e9mangeaisons et des picotements. Les autres effets secondaires du tDCS comprennent les maux de t\u00eate l\u00e9g\u00e8re, les naus\u00e9es et les \u00e9tourdissements.<\/p>\n<p>De nombreuses applications de la tDCS sont actuellement explor\u00e9es, sugg\u00e9rant des traitements possibles pour: la d\u00e9pression l\u00e9g\u00e8re, la schizophr\u00e9nie, l'aphasie, la toxicomanie, l'\u00e9pilepsie, la douleur chronique, l'attention et la r\u00e9\u00e9ducation motrice. Le tDCS est approuv\u00e9 pour le traitement m\u00e9dical dans une grande partie du monde, y compris l'Union europ\u00e9enne (il n'est pas encore approuv\u00e9 par la FDA). Plusieurs essais cliniques ont rapport\u00e9 que le tDCS peut traiter la d\u00e9pression l\u00e9g\u00e8re et r\u00e9duire avec succ\u00e8s l'anxi\u00e9t\u00e9.<\/p>\n\t\t\t\t<img decoding=\"async\" src=\"https:\/\/tmsdrrachid.com\/wp-content\/uploads\/2021\/01\/Geneva-v.jpg\" alt=\"Geneva--v\" itemprop=\"image\" title=\"Geneva--v\" onerror=\"this.style.display='none'\" class=\"no-lazyload\" \/>\n\t\t\t<h3>Th\u00e9rapie Interpersonnelle<\/h3>\n\t\t\t\t<p>There are four domains of interpersonal problematics that are strongly correlated\u00a0to\u202f\u00a0depression:\u00a0<\/p>\n\t<ul>\n\t\t\t<li>\n\t\t\t\tle deuil, \n\t\t\t<\/li>\n\t\t\t<li>\n\t\t\t\tles transitions de r\u00f4le, \n\t\t\t<\/li>\n\t\t\t<li>\n\t\t\t\tles disputes, \n\t\t\t<\/li>\n\t\t\t<li>\n\t\t\t\tl\u2019isolement social. \n\t\t\t<\/li>\n\t\t<\/ul>\n\t\t\t\t<p>Interpersonal psychotherapy is a structured approach to remedy one&#8217;s problematics. It is:<\/p>\n\t<ul>\n\t\t\t<li>\n\t\t\t\tPsychoth\u00e9rapie br\u00e8ve,\n\t\t\t<\/li>\n\t\t\t<li>\n\t\t\t\tse d\u00e9roulant sur une dur\u00e9e de 3 \u00e0 4 mois, \n\t\t\t<\/li>\n\t\t\t<li>\n\t\t\t\telle comporte 12 \u00e0 16 s\u00e9ances. \n\t\t\t<\/li>\n\t\t<\/ul>\n\t\t<h2>Pour plus d\u2019informations, contactez notre \u00e9quipe d\u00e8s aujourd\u2019hui<\/h2>\n\t\t\t<a href=\"\/fr\/contact-us\/\" target=\"_self\" role=\"button\" rel=\"noopener\">\n\t\t\t\t\t\t\tNous Contacter\n\t\t\t\t\t<\/a>","protected":false},"excerpt":{"rendered":"<p>Other Treatments Schema Therapy Schema therapy is\u00a0one of the most recent psychotherapy approaches which was developed\u00a0in the 80s\u00a0by Jeffrey E. Young for use in treatment of personality disorders and chronic axis 1 disorders\u00a0(anxiety disorders,\u00a0major depressive disorder,\u00a0dysthymia,\u00a0posttraumatic stress disorder, and pain disorder).\u00a0such as when patients fail to respond or relapse after having been through other therapies&hellip;<\/p>","protected":false},"author":1,"featured_media":0,"parent":0,"menu_order":0,"comment_status":"closed","ping_status":"closed","template":"","meta":{"footnotes":""},"class_list":["post-26","page","type-page","status-publish","hentry"],"yoast_head":"<!-- This site is optimized with the Yoast SEO Premium plugin v17.1.2 (Yoast SEO v27.5) - https:\/\/yoast.com\/product\/yoast-seo-premium-wordpress\/ -->\n<title>Other Treatments | Brain Stimulation Geneva<\/title>\n<meta name=\"description\" content=\"Find out more about the other treatments offered at Brain Stimulation Geneva, including TDCS, Scheme Therapy and Interpersonal Therapy.\" \/>\n<meta name=\"robots\" content=\"index, follow, max-snippet:-1, max-image-preview:large, max-video-preview:-1\" \/>\n<link rel=\"canonical\" href=\"https:\/\/tmsdrrachid.com\/fr\/other-treatments\/\" \/>\n<meta property=\"og:locale\" content=\"fr_FR\" \/>\n<meta property=\"og:type\" content=\"article\" \/>\n<meta property=\"og:title\" content=\"OTHER TREATMENTS\" \/>\n<meta property=\"og:description\" content=\"Find out more about the other treatments offered at Brain Stimulation Geneva, including TDCS, Scheme Therapy and Interpersonal Therapy.\" \/>\n<meta property=\"og:url\" content=\"https:\/\/tmsdrrachid.com\/fr\/other-treatments\/\" \/>\n<meta property=\"og:site_name\" content=\"Mood Disorder Treatment | Brain Stimulation Geneva\" \/>\n<meta property=\"article:modified_time\" content=\"2021-01-14T14:19:29+00:00\" \/>\n<meta property=\"og:image\" content=\"https:\/\/tmsdrrachid.com\/wp-content\/uploads\/2021\/01\/Geneva-v.jpg\" \/>\n<meta name=\"twitter:card\" content=\"summary_large_image\" \/>\n<meta name=\"twitter:label1\" content=\"Dur\u00e9e de lecture estim\u00e9e\" \/>\n\t<meta name=\"twitter:data1\" content=\"2 minutes\" \/>\n<script type=\"application\/ld+json\" class=\"yoast-schema-graph\">{\"@context\":\"https:\\\/\\\/schema.org\",\"@graph\":[{\"@type\":\"WebPage\",\"@id\":\"https:\\\/\\\/tmsdrrachid.com\\\/other-treatments\\\/\",\"url\":\"https:\\\/\\\/tmsdrrachid.com\\\/other-treatments\\\/\",\"name\":\"Other Treatments | Brain Stimulation Geneva\",\"isPartOf\":{\"@id\":\"https:\\\/\\\/tmsdrrachid.com\\\/#website\"},\"primaryImageOfPage\":{\"@id\":\"https:\\\/\\\/tmsdrrachid.com\\\/other-treatments\\\/#primaryimage\"},\"image\":{\"@id\":\"https:\\\/\\\/tmsdrrachid.com\\\/other-treatments\\\/#primaryimage\"},\"thumbnailUrl\":\"https:\\\/\\\/tmsdrrachid.com\\\/wp-content\\\/uploads\\\/2021\\\/01\\\/Geneva-v.jpg\",\"datePublished\":\"2020-11-19T12:11:40+00:00\",\"dateModified\":\"2021-01-14T14:19:29+00:00\",\"description\":\"Find out more about the other treatments offered at Brain Stimulation Geneva, including TDCS, Scheme Therapy and Interpersonal Therapy.\",\"breadcrumb\":{\"@id\":\"https:\\\/\\\/tmsdrrachid.com\\\/other-treatments\\\/#breadcrumb\"},\"inLanguage\":\"fr-FR\",\"potentialAction\":[{\"@type\":\"ReadAction\",\"target\":[\"https:\\\/\\\/tmsdrrachid.com\\\/other-treatments\\\/\"]}]},{\"@type\":\"ImageObject\",\"inLanguage\":\"fr-FR\",\"@id\":\"https:\\\/\\\/tmsdrrachid.com\\\/other-treatments\\\/#primaryimage\",\"url\":\"https:\\\/\\\/tmsdrrachid.com\\\/wp-content\\\/uploads\\\/2021\\\/01\\\/Geneva-v.jpg\",\"contentUrl\":\"https:\\\/\\\/tmsdrrachid.com\\\/wp-content\\\/uploads\\\/2021\\\/01\\\/Geneva-v.jpg\"},{\"@type\":\"BreadcrumbList\",\"@id\":\"https:\\\/\\\/tmsdrrachid.com\\\/other-treatments\\\/#breadcrumb\",\"itemListElement\":[{\"@type\":\"ListItem\",\"position\":1,\"name\":\"Home\",\"item\":\"https:\\\/\\\/tmsdrrachid.com\\\/\"},{\"@type\":\"ListItem\",\"position\":2,\"name\":\"OTHER TREATMENTS\"}]},{\"@type\":\"WebSite\",\"@id\":\"https:\\\/\\\/tmsdrrachid.com\\\/#website\",\"url\":\"https:\\\/\\\/tmsdrrachid.com\\\/\",\"name\":\"Mood Disorder Treatment | Brain Stimulation Geneva\",\"description\":\"In our practice, we offer a personalized treatment approach to every patient based on their own needs. Find out more today.\",\"publisher\":{\"@id\":\"https:\\\/\\\/tmsdrrachid.com\\\/#organization\"},\"potentialAction\":[{\"@type\":\"SearchAction\",\"target\":{\"@type\":\"EntryPoint\",\"urlTemplate\":\"https:\\\/\\\/tmsdrrachid.com\\\/?s={search_term_string}\"},\"query-input\":{\"@type\":\"PropertyValueSpecification\",\"valueRequired\":true,\"valueName\":\"search_term_string\"}}],\"inLanguage\":\"fr-FR\"},{\"@type\":\"Organization\",\"@id\":\"https:\\\/\\\/tmsdrrachid.com\\\/#organization\",\"name\":\"Dr F. Rachid\",\"url\":\"https:\\\/\\\/tmsdrrachid.com\\\/\",\"logo\":{\"@type\":\"ImageObject\",\"inLanguage\":\"fr-FR\",\"@id\":\"https:\\\/\\\/tmsdrrachid.com\\\/#\\\/schema\\\/logo\\\/image\\\/\",\"url\":\"https:\\\/\\\/tmsdrrachid.com\\\/wp-content\\\/uploads\\\/2021\\\/02\\\/TMS-logo.jpg\",\"contentUrl\":\"https:\\\/\\\/tmsdrrachid.com\\\/wp-content\\\/uploads\\\/2021\\\/02\\\/TMS-logo.jpg\",\"width\":336,\"height\":336,\"caption\":\"Dr F. Rachid\"},\"image\":{\"@id\":\"https:\\\/\\\/tmsdrrachid.com\\\/#\\\/schema\\\/logo\\\/image\\\/\"}}]}<\/script>\n<!-- \/ Yoast SEO Premium plugin. -->","yoast_head_json":{"title":"Other Treatments | Brain Stimulation Geneva","description":"Find out more about the other treatments offered at Brain Stimulation Geneva, including TDCS, Scheme Therapy and Interpersonal Therapy.","robots":{"index":"index","follow":"follow","max-snippet":"max-snippet:-1","max-image-preview":"max-image-preview:large","max-video-preview":"max-video-preview:-1"},"canonical":"https:\/\/tmsdrrachid.com\/fr\/other-treatments\/","og_locale":"fr_FR","og_type":"article","og_title":"OTHER TREATMENTS","og_description":"Find out more about the other treatments offered at Brain Stimulation Geneva, including TDCS, Scheme Therapy and Interpersonal Therapy.","og_url":"https:\/\/tmsdrrachid.com\/fr\/other-treatments\/","og_site_name":"Mood Disorder Treatment | Brain Stimulation Geneva","article_modified_time":"2021-01-14T14:19:29+00:00","og_image":[{"url":"https:\/\/tmsdrrachid.com\/wp-content\/uploads\/2021\/01\/Geneva-v.jpg","type":"","width":"","height":""}],"twitter_card":"summary_large_image","twitter_misc":{"Dur\u00e9e de lecture estim\u00e9e":"2 minutes"},"schema":{"@context":"https:\/\/schema.org","@graph":[{"@type":"WebPage","@id":"https:\/\/tmsdrrachid.com\/other-treatments\/","url":"https:\/\/tmsdrrachid.com\/other-treatments\/","name":"Other Treatments | Brain Stimulation Geneva","isPartOf":{"@id":"https:\/\/tmsdrrachid.com\/#website"},"primaryImageOfPage":{"@id":"https:\/\/tmsdrrachid.com\/other-treatments\/#primaryimage"},"image":{"@id":"https:\/\/tmsdrrachid.com\/other-treatments\/#primaryimage"},"thumbnailUrl":"https:\/\/tmsdrrachid.com\/wp-content\/uploads\/2021\/01\/Geneva-v.jpg","datePublished":"2020-11-19T12:11:40+00:00","dateModified":"2021-01-14T14:19:29+00:00","description":"Find out more about the other treatments offered at Brain Stimulation Geneva, including TDCS, Scheme Therapy and Interpersonal Therapy.","breadcrumb":{"@id":"https:\/\/tmsdrrachid.com\/other-treatments\/#breadcrumb"},"inLanguage":"fr-FR","potentialAction":[{"@type":"ReadAction","target":["https:\/\/tmsdrrachid.com\/other-treatments\/"]}]},{"@type":"ImageObject","inLanguage":"fr-FR","@id":"https:\/\/tmsdrrachid.com\/other-treatments\/#primaryimage","url":"https:\/\/tmsdrrachid.com\/wp-content\/uploads\/2021\/01\/Geneva-v.jpg","contentUrl":"https:\/\/tmsdrrachid.com\/wp-content\/uploads\/2021\/01\/Geneva-v.jpg"},{"@type":"BreadcrumbList","@id":"https:\/\/tmsdrrachid.com\/other-treatments\/#breadcrumb","itemListElement":[{"@type":"ListItem","position":1,"name":"Home","item":"https:\/\/tmsdrrachid.com\/"},{"@type":"ListItem","position":2,"name":"OTHER TREATMENTS"}]},{"@type":"WebSite","@id":"https:\/\/tmsdrrachid.com\/#website","url":"https:\/\/tmsdrrachid.com\/","name":"Mood Disorder Treatment | Brain Stimulation Geneva","description":"In our practice, we offer a personalized treatment approach to every patient based on their own needs. Find out more today.","publisher":{"@id":"https:\/\/tmsdrrachid.com\/#organization"},"potentialAction":[{"@type":"SearchAction","target":{"@type":"EntryPoint","urlTemplate":"https:\/\/tmsdrrachid.com\/?s={search_term_string}"},"query-input":{"@type":"PropertyValueSpecification","valueRequired":true,"valueName":"search_term_string"}}],"inLanguage":"fr-FR"},{"@type":"Organization","@id":"https:\/\/tmsdrrachid.com\/#organization","name":"Dr F. Rachid","url":"https:\/\/tmsdrrachid.com\/","logo":{"@type":"ImageObject","inLanguage":"fr-FR","@id":"https:\/\/tmsdrrachid.com\/#\/schema\/logo\/image\/","url":"https:\/\/tmsdrrachid.com\/wp-content\/uploads\/2021\/02\/TMS-logo.jpg","contentUrl":"https:\/\/tmsdrrachid.com\/wp-content\/uploads\/2021\/02\/TMS-logo.jpg","width":336,"height":336,"caption":"Dr F. Rachid"},"image":{"@id":"https:\/\/tmsdrrachid.com\/#\/schema\/logo\/image\/"}}]}},"_links":{"self":[{"href":"https:\/\/tmsdrrachid.com\/fr\/wp-json\/wp\/v2\/pages\/26","targetHints":{"allow":["GET"]}}],"collection":[{"href":"https:\/\/tmsdrrachid.com\/fr\/wp-json\/wp\/v2\/pages"}],"about":[{"href":"https:\/\/tmsdrrachid.com\/fr\/wp-json\/wp\/v2\/types\/page"}],"author":[{"embeddable":true,"href":"https:\/\/tmsdrrachid.com\/fr\/wp-json\/wp\/v2\/users\/1"}],"replies":[{"embeddable":true,"href":"https:\/\/tmsdrrachid.com\/fr\/wp-json\/wp\/v2\/comments?post=26"}],"version-history":[{"count":12,"href":"https:\/\/tmsdrrachid.com\/fr\/wp-json\/wp\/v2\/pages\/26\/revisions"}],"predecessor-version":[{"id":369,"href":"https:\/\/tmsdrrachid.com\/fr\/wp-json\/wp\/v2\/pages\/26\/revisions\/369"}],"wp:attachment":[{"href":"https:\/\/tmsdrrachid.com\/fr\/wp-json\/wp\/v2\/media?parent=26"}],"curies":[{"name":"wp","href":"https:\/\/api.w.org\/{rel}","templated":true}]}}