{"id":16,"date":"2020-11-19T12:10:45","date_gmt":"2020-11-19T12:10:45","guid":{"rendered":"https:\/\/tmsdrrachid.com\/?page_id=16"},"modified":"2021-03-03T11:09:19","modified_gmt":"2021-03-03T11:09:19","slug":"publications","status":"publish","type":"page","link":"https:\/\/tmsdrrachid.com\/fr\/publications\/","title":{"rendered":"PUBLICATIONS"},"content":{"rendered":"<h1>\n\t\tPublications\n\t<\/h1>\n\t\t\t<h2>Publications<\/h2>\n\t\t\t\t<p>Derni\u00e8re mise \u00e0 jour: 03-03-2021<\/p>\n\t<ul>\n\t\t\t<li class=\"translation-block\"><span class=\"pp-list-item-icon ua-icon ua-icon-icon-29-information2\"><\/span>\n\t\t\t\t<span class=\"pp-list-item-text\">\tHoffman RE, Hawkins KA, Gueorguieva R, Boutros NN, <strong> Rachid F<\/strong>, Carroll K, Krystal JH. Transcranial magnetic stimulation of left temporoparietal cortex and medication-resistant auditory hallucinations. Arch Gen Psychiatry 2003;60(1):49-56. <\/span><\/li>\n\t\t\t<li class=\"translation-block\"><span class=\"pp-list-item-icon ua-icon ua-icon-icon-29-information2\"><\/span>\n\t\t\t\t<span class=\"pp-list-item-text\"><strong> Rachid F<\/strong>, Aubry JM, Bondolfi G. Luminoth\u00e9rapie et troubles affectifs saisonniers dans la pratique clinique (bright light therapy and seasonal affective disorders in clinical practice). Med Hyg 2003;61(2450):1756-1759.<\/span><\/li>\n\t\t\t<li>\n\t\t\t\t<strong> Rachid F <\/strong>, Bertschy G, Bondolfi G, Aubry JM. Possible induction of mania or hypomania by atypical antipsychotics: an updated review of reported cases. J Clin Psychiatry 2004;65(11):1537-1545. \n\t\t\t<\/li>\n\t\t\t<li>\n\t\t\t\tBondolfi G, Morel F, Crettol S, <strong> Rachid F <\/strong>, Baumann P, Eap CB. Increased clozapine plasma concentrations and side effects induced by smoking cessation in 2 CYP1A2 genotyped patients. Ther Drug Monit 2005;27(4):539-543. \n\t\t\t<\/li>\n\t\t\t<li>\n\t\t\t\t<strong> Rachid F <\/strong>, Golaz J, Bondolfi G, Bertschy G. Induction of a mixed depressive episode during rTMS treatment in a patient with\u202frefractory major depression. World J Biol Psychiatry 2006;7(4):261-264. \n\t\t\t<\/li>\n\t\t\t<li>\n\t\t\t\t<strong> Rachid F <\/strong>, Bertschy G. Safety and efficacy of repetitive transcranial magnetic stimulation in the treatment of depression: a critical appraisal of the last 10 years. Neurophysiol Clin\/Clin Neurophysiol 2006;36(3);157-183. \n\t\t\t<\/li>\n\t\t\t<li>\n\t\t\t\t<strong> Rachid F <\/strong>, Bondolfi G, Golaz J, Osiek C, Bertschy G. Safety and efficacy of repetitive transcranial magnetic stimulation applied to a specific area of the left dorsolateral prefrontal cortex in the treatment of resistant depression.\u202f Abstract presented during the Sixth Annual Meeting of the Swiss Society of Biological Psychiatry on the 31.03.2006 in Lausanne: \u00abCross-talks in Swiss Psychiatry\u00bb. \n\t\t\t<\/li>\n\t\t\t<li>\n\t\t\t\t<strong> Rachid F <\/strong> Utilisation pratique de la rTMS dans le traitement des troubles neuropsychiatriques. In Brunelin J, Galinowski A, Januel D &#038; Poulet E (Eds.), Stimulation magn\u00e9tique transcr\u00e2nienne: Principes et applications en psychiatrie. Marseille: Editions Solal, 2009 \n\t\t\t<\/li>\n\t\t\t<li>\n\t\t\t\tQuentin S, Voyer M, Daniel M-L, <strong> Rachid F <\/strong>, Paillard C, Wassouf I, Sharov I, Depond B, Rotge J-Y, Senon J-L, Jaafari N. Int\u00e9r\u00eat de l&#8217;\u00e9lectro-convulsivoth\u00e9rapie (ECT) chez les sujets \u00e2g\u00e9s souffrant d&#8217;une pathologie d\u00e9mentielle : une revue de la litt\u00e9rature. ECT practice in the elderly suffering from dementia: A review of literature. NPG Neurologie &#8211; Psychiatrie &#8211; G\u00e9riatrie 2010;10(59):204-214. \n\t\t\t<\/li>\n\t\t\t<li>\n\t\t\t\tJaafari N, Rigalleau F, <strong> Rachid F <\/strong>, Delamillieure P, Millet B, Oli\u00e9 JP, Gil R, Rotge JY, Vibert N. A critical review of the contribution of eye movement recordings to the neuropsychology of obsessive-compulsive disorder. Acta PsychiatrScand 2011;124(2):87-101. \n\t\t\t<\/li>\n\t\t\t<li>\n\t\t\t\tJaafari N, <strong> Rachid F <\/strong>, Levy-Chavagnat D, Quentin S, E-Hage W. Electroconvulsivoth\u00e9rapie et maladies concomitantes: pathologies neurologiques, pathologies cardio-vasculaires. In Szekely D &#038; Poulet E (Eds.), L&#8217;\u00e9lectroconvulsivoth\u00e9rapie &#8211; De\u202fl&#8217;historique \u00e0 la pratique clinique: Principes et Applications. Marseille: Edition Solal, 2012. \n\t\t\t<\/li>\n\t\t\t<li>\n\t\t\t\tJaafari N, <strong> Rachid F <\/strong>, Rotge JY, Polosan M, El-Hage W, Belin D, Vibert N, Pelissolo A. Safety and efficacy of repetitive transcranial magnetic stimulation in the treatment of obsessive-compulsive disorder: A review. World J Biol Psychiatry 2012;13(3):164-77. \n\t\t\t<\/li>\n\t\t\t<li>\n\t\t\t\tJaafari N, Frasca M, Rigalleau F, <strong> Rachid F <\/strong>, Gil R, Oli\u00e9 JP, Guehl D, Burbaud P, Aouizerate B, Rotg\u00e9 JY, Vibert N; for Insight Study Group. Forgetting what you have checked: A link between working memory impairment and checking behaviors in obsessive-compulsive disorder. Eur Psychiatry 2013;28(2):87-93. \n\t\t\t<\/li>\n\t\t\t<li>\n\t\t\t\t<strong> Rachid F <\/strong>, Vianin P, Besse C. Safety and efficacy of continuous theta burst stimulation at 30 Hz in a patient with chronic auditory hallucinations: A case study in a private practice setting. Brain Stimul 2013;6(4):707-708. \n\t\t\t<\/li>\n\t\t\t<li>\n\t\t\t\t<strong> Rachid F <\/strong>, Sentissi O. Traitement de la d\u00e9pression r\u00e9sistante. S\u00e9curit\u00e9 et efficacit\u00e9 de la stimulation magn\u00e9tique transcr\u00e2nienne. Rev Med Suisse 2014;10:2055-60. \n\t\t\t<\/li>\n\t\t\t<li>\n\t\t\t\tBrunelin J, Jalenques I, Trojak B, Attal J, Szekely D, Gay A, Januel D, Haffen E, Schott-Pethelaz AM, Brault C; STEP Group (<strong> Rachid F <\/strong> et al.), Poulet E. The efficacy and safety of low frequency repetitive transcranial magnetic stimulation for treatment-resistant depression: the results from a large multicenter French RCT. Brain Stimul 2014;7(6):855-63. \n\t\t\t<\/li>\n\t\t\t<li>\n\t\t\t\t<strong> Rachid F <\/strong>, Sentissi O. rTMS in the treatment of resistant depression in a private clinical setting.\u202fAbstract presentedat the 1stInternational Brain Stimulation Conference on the 02-04.03.2015 in Singapore. \n\t\t\t<\/li>\n\t\t\t<li>\n\t\t\t\tPelissolo A, Harika-Germaneau G, <strong> Rachid F <\/strong>, Gaudeau-Bosma C, Tanguy ML, BenAdhira R, Bouaziz N, Popa T, Wassouf I, Saba G, Januel D, Jaafari N. Repetitive transcranial magnetic stimulation to supplementary motor area in refractory obsessive-compulsive disorder treatment: a sham-controlled trial. Int J Neuropsychopharmacol 2016;19(8). pii: pyw025. \n\t\t\t<\/li>\n\t\t\t<li>\n\t\t\t\t<strong> Rachid F <\/strong>. Neurostimulation techniques in the treatment of nicotine dependence: A review. Am J Addict 2016;25(6):436-51. \n\t\t\t<\/li>\n\t\t\t<li>\n\t\t\t\t<strong> Rachid F <\/strong>. G\u00e9opolitique de la rTMS\u202f: Quelle est la Situation Internationale? In Poulet E, Haesebaert F, Bubrovszky M &#038;Bulteau S (Eds.), Stimulation Magn\u00e9tique Transcr\u00e2nienne r\u00e9p\u00e9t\u00e9e (rTMS): Applications en psychiatrie ouvrage Stimulation Magn\u00e9tique Transcr\u00e2nienne r\u00e9p\u00e9t\u00e9e. Applications en psychiatrie, Paris: Editions Dunod 2019. \n\t\t\t<\/li>\n\t\t\t<li>\n\t\t\t\t<strong> Rachid F <\/strong>, Moeglin C, Sentissi O. Repetitive transcranial magnetic stimulation (5 and 10\u2009Hz) with modified parameters in the treatment of resistant unipolar and bipolar depression in a private practice setting. J Psychiatr Pract 2017;23(2):92-100. \n\t\t\t<\/li>\n\t\t\t<li>\n\t\t\t\t<strong> Rachid F <\/strong>. Repetitive transcranial magnetic stimulation and treatment-emergent mania and hypomania: A Review of the Literature. J Psychiatr Pract 2017;23(2):150-159. \n\t\t\t<\/li>\n\t\t\t<li>\n\t\t\t\t<strong> Rachid F <\/strong>. Treatment of a patient with depersonalization disorder with low frequency repetitive transcranial magnetic stimulation of the right temporo-parietal junction in a private practice setting. J Psychiatr Pract 2017;23(2):145-147. \n\t\t\t<\/li>\n\t\t\t<li>\n\t\t\t\t<strong> Rachid F <\/strong>. Safety and efficacy of theta-burst stimulation in the treatment of psychiatric disorders: a review of the literature. J Nerv Ment Dis 2017;205(11):823-839. \n\t\t\t<\/li>\n\t\t\t<li>\n\t\t\t\t<strong> Rachid F <\/strong>. Maintenance repetitive transcranial magnetic stimulation (rTMS) for relapse prevention in patients with depression: A review. Psychiatry Res 2018;262:363-372. \n\t\t\t<\/li>\n\t\t\t<li>\n\t\t\t\t<strong> Rachid F <\/strong>. Neurostimulation techniques in the treatment of cocaine dependence: A review of the literature. Addict Behav 2018;76:145-155. \n\t\t\t<\/li>\n\t\t\t<li>\n\t\t\t\t<strong> Rachid F <\/strong>.Repetitive transcranial magnetic stimulation in the treatment of eating disorders: A review of safety and efficacy. Psychiatry Res 2018;269:145-156.  \n\t\t\t<\/li>\n\t\t\t<li>\n\t\t\t\t<strong> Rachid F <\/strong>. Transcranial direct current stimulation for the treatment of obsessive-compulsive disorder? A qualitative review of safety and efficacy. Psychiatry Res 2019;271:259-264. \n\t\t\t<\/li>\n\t\t\t<li>\n\t\t\t\t<strong> Rachid F <\/strong>. Repetitive transcranial magnetic stimulation in the treatment of a difficult to treat condition, borderline personality disorder. J Psychiatr Pract 2019;25(1):14-21.  \n\t\t\t<\/li>\n\t\t\t<li>\n\t\t\t\t<strong> Rachid F <\/strong>. Accelerated transcranial magnetic stimulation for the treatment of patients with depression: a review. Asian J Psychiatr 2019;40:71-75. \n\t\t\t<\/li>\n\t\t\t<li>\n\t\t\t\tBaeken C, Brem AK, Arns M, Brunoni AR, Filip\u010di\u0107 I, Ganho-\u00c1vila A, Langguth B, Padberg F, Poulet E, <strong> Rachid F <\/strong>, Sack AT, Vanderhasselt MA, Bennabi D. Repetitive transcranial magnetic stimulation treatment for depressive disorders: current knowledge and future directions. Curr Opin Psychiatry 2019;32(5):409-415 \n\t\t\t<\/li>\n\t\t\t<li>\n\t\t\t\tHarika-Germaneau G, <strong> Rachid F <\/strong>, Chatard A, Lafay-Chebassier C, Solinas M, Thirioux B, Millet B, Langbour N, Jaafari N. Continuous theta burst stimulation over the supplementary motor area in refractory obsessive-compulsive disorder treatment: A\u202frandomized sham-controlled trial. Brain Stimul 2019;12(6):1565-1571 \n\t\t\t<\/li>\n\t\t\t<li>\n\t\t\t\tBulteau S, Guirette C, Brunelin J, Poulet E, Trojak B, Richieri R, Szekely D, Bennabi D, Yrondi A, Rotharmel M, Bougerol T, Dall&#8217;Igna G, Attal J, Benadhira R, Bouaziz N, Bubrovszky M, Calvet B, Dollfus S, Foucher J, Galvao F, Gay A, Haesebaert F, Haffen E, Jalenques I, Januel D, Jardri R, Millet B, Nathou C, Nauczyciel C, Plaze M, <strong> Rachid F <\/strong>, Vanelle JM, Sauvaget A. Troubles de l&#8217;humeur: quand recourir \u00e0 la stimulation magn\u00e9tique transcr\u00e2nienne? Presse Med 2019;48(6):625-646.  \n\t\t\t<\/li>\n\t\t\t<li>\n\t\t\t\tBrunoni AR, Arns M, Baeken C, Blumberger D, Brunelin J, Carpenter LL, Downar J, Keeser D, Langguth B, <strong> Rachid F <\/strong>, Sack AT, Vila-Rodriguez F, Padberg F. Mixingapples and oranges in assessing outcomes of repetitive transcranial stimulation meta-analyses. Psychother Psychosom. 2019:1-2.  \n\t\t\t<\/li>\n\t\t\t<li>\n\t\t\t\tLefaucheur J-P, Aleman A, Baeken C, Benninger DH, Brunelin J, Di Lazzaro V, Filipovi\u0107 SR, Grefkes C, Hasan A, Hummel FC, J\u00e4\u00e4skel\u00e4inen SK, LangguthB, Leocani L, Londero A, Nardone R, Nguyen JP, Nyffeler T, Oliveira-Maia AJ, Oliviero A, Padberg F, Palm U, Paulus W, Poulet E, Quartarone A, <strong> Rachid F <\/strong>, Rektorov\u00e1 I, Rossi S, Sahlsten H, Schecklmann M, Szekely D, Ziemann U. Evidence-based guidelines on the therapeutic use of repetitive transcranial magnetic stimulation (rTMS): an update (2014-2018). Clin Neurophysiol 2020;131(2):474-528. \n\t\t\t<\/li>\n\t\t<\/ul>\n\t\t<h2>Pour plus d\u2019informations, contactez notre \u00e9quipe d\u00e8s aujourd\u2019hui<\/h2>\n\t\t\t<a href=\"\/fr\/contact-us\/\" target=\"_self\" role=\"button\" rel=\"noopener\">\n\t\t\t\t\t\t\tNous Contacter\n\t\t\t\t\t<\/a>","protected":false},"excerpt":{"rendered":"<p>Publications Publications Last modified date: 03-03-2021 Hoffman RE, Hawkins KA, Gueorguieva R, Boutros NN, Rachid F , Carroll K, Krystal JH. Transcranial magnetic stimulation of left temporoparietal cortex and medication-resistant auditory hallucinations. Arch Gen Psychiatry 2003;60(1):49-56. Rachid F , Aubry JM, Bondolfi G. Luminoth\u00e9rapie et troubles affectifs saisonniers dans la pratique clinique (bright light therapy&hellip;<\/p>","protected":false},"author":1,"featured_media":0,"parent":0,"menu_order":0,"comment_status":"closed","ping_status":"closed","template":"","meta":{"footnotes":""},"class_list":["post-16","page","type-page","status-publish","hentry"],"yoast_head":"<!-- This site is optimized with the Yoast SEO Premium plugin v17.1.2 (Yoast SEO v27.5) - https:\/\/yoast.com\/product\/yoast-seo-premium-wordpress\/ -->\n<title>Publications | Brain Stimulation Geneva<\/title>\n<meta name=\"description\" content=\"Discover the publications that Dr. Rachid and Brain Stimulation Geneva have contributed to.\" \/>\n<meta name=\"robots\" content=\"index, follow, max-snippet:-1, max-image-preview:large, max-video-preview:-1\" \/>\n<link rel=\"canonical\" href=\"https:\/\/tmsdrrachid.com\/fr\/publications\/\" \/>\n<meta property=\"og:locale\" content=\"fr_FR\" \/>\n<meta property=\"og:type\" content=\"article\" \/>\n<meta property=\"og:title\" content=\"PUBLICATIONS\" \/>\n<meta property=\"og:description\" content=\"Discover the publications that Dr. Rachid and Brain Stimulation Geneva have contributed to.\" \/>\n<meta property=\"og:url\" content=\"https:\/\/tmsdrrachid.com\/fr\/publications\/\" \/>\n<meta property=\"og:site_name\" content=\"Mood Disorder Treatment | Brain Stimulation Geneva\" \/>\n<meta property=\"article:modified_time\" content=\"2021-03-03T11:09:19+00:00\" \/>\n<meta name=\"twitter:card\" content=\"summary_large_image\" \/>\n<meta name=\"twitter:label1\" content=\"Dur\u00e9e de lecture estim\u00e9e\" \/>\n\t<meta name=\"twitter:data1\" content=\"6 minutes\" \/>\n<script type=\"application\/ld+json\" class=\"yoast-schema-graph\">{\"@context\":\"https:\\\/\\\/schema.org\",\"@graph\":[{\"@type\":\"WebPage\",\"@id\":\"https:\\\/\\\/tmsdrrachid.com\\\/publications\\\/\",\"url\":\"https:\\\/\\\/tmsdrrachid.com\\\/publications\\\/\",\"name\":\"Publications | Brain Stimulation Geneva\",\"isPartOf\":{\"@id\":\"https:\\\/\\\/tmsdrrachid.com\\\/#website\"},\"datePublished\":\"2020-11-19T12:10:45+00:00\",\"dateModified\":\"2021-03-03T11:09:19+00:00\",\"description\":\"Discover the publications that Dr. Rachid and Brain Stimulation Geneva have contributed to.\",\"breadcrumb\":{\"@id\":\"https:\\\/\\\/tmsdrrachid.com\\\/publications\\\/#breadcrumb\"},\"inLanguage\":\"fr-FR\",\"potentialAction\":[{\"@type\":\"ReadAction\",\"target\":[\"https:\\\/\\\/tmsdrrachid.com\\\/publications\\\/\"]}]},{\"@type\":\"BreadcrumbList\",\"@id\":\"https:\\\/\\\/tmsdrrachid.com\\\/publications\\\/#breadcrumb\",\"itemListElement\":[{\"@type\":\"ListItem\",\"position\":1,\"name\":\"Home\",\"item\":\"https:\\\/\\\/tmsdrrachid.com\\\/\"},{\"@type\":\"ListItem\",\"position\":2,\"name\":\"PUBLICATIONS\"}]},{\"@type\":\"WebSite\",\"@id\":\"https:\\\/\\\/tmsdrrachid.com\\\/#website\",\"url\":\"https:\\\/\\\/tmsdrrachid.com\\\/\",\"name\":\"Mood Disorder Treatment | Brain Stimulation Geneva\",\"description\":\"In our practice, we offer a personalized treatment approach to every patient based on their own needs. Find out more today.\",\"publisher\":{\"@id\":\"https:\\\/\\\/tmsdrrachid.com\\\/#organization\"},\"potentialAction\":[{\"@type\":\"SearchAction\",\"target\":{\"@type\":\"EntryPoint\",\"urlTemplate\":\"https:\\\/\\\/tmsdrrachid.com\\\/?s={search_term_string}\"},\"query-input\":{\"@type\":\"PropertyValueSpecification\",\"valueRequired\":true,\"valueName\":\"search_term_string\"}}],\"inLanguage\":\"fr-FR\"},{\"@type\":\"Organization\",\"@id\":\"https:\\\/\\\/tmsdrrachid.com\\\/#organization\",\"name\":\"Dr F. Rachid\",\"url\":\"https:\\\/\\\/tmsdrrachid.com\\\/\",\"logo\":{\"@type\":\"ImageObject\",\"inLanguage\":\"fr-FR\",\"@id\":\"https:\\\/\\\/tmsdrrachid.com\\\/#\\\/schema\\\/logo\\\/image\\\/\",\"url\":\"https:\\\/\\\/tmsdrrachid.com\\\/wp-content\\\/uploads\\\/2021\\\/02\\\/TMS-logo.jpg\",\"contentUrl\":\"https:\\\/\\\/tmsdrrachid.com\\\/wp-content\\\/uploads\\\/2021\\\/02\\\/TMS-logo.jpg\",\"width\":336,\"height\":336,\"caption\":\"Dr F. Rachid\"},\"image\":{\"@id\":\"https:\\\/\\\/tmsdrrachid.com\\\/#\\\/schema\\\/logo\\\/image\\\/\"}}]}<\/script>\n<!-- \/ Yoast SEO Premium plugin. -->","yoast_head_json":{"title":"Publications | Brain Stimulation Geneva","description":"Discover the publications that Dr. Rachid and Brain Stimulation Geneva have contributed to.","robots":{"index":"index","follow":"follow","max-snippet":"max-snippet:-1","max-image-preview":"max-image-preview:large","max-video-preview":"max-video-preview:-1"},"canonical":"https:\/\/tmsdrrachid.com\/fr\/publications\/","og_locale":"fr_FR","og_type":"article","og_title":"PUBLICATIONS","og_description":"Discover the publications that Dr. Rachid and Brain Stimulation Geneva have contributed to.","og_url":"https:\/\/tmsdrrachid.com\/fr\/publications\/","og_site_name":"Mood Disorder Treatment | Brain Stimulation Geneva","article_modified_time":"2021-03-03T11:09:19+00:00","twitter_card":"summary_large_image","twitter_misc":{"Dur\u00e9e de lecture estim\u00e9e":"6 minutes"},"schema":{"@context":"https:\/\/schema.org","@graph":[{"@type":"WebPage","@id":"https:\/\/tmsdrrachid.com\/publications\/","url":"https:\/\/tmsdrrachid.com\/publications\/","name":"Publications | Brain Stimulation Geneva","isPartOf":{"@id":"https:\/\/tmsdrrachid.com\/#website"},"datePublished":"2020-11-19T12:10:45+00:00","dateModified":"2021-03-03T11:09:19+00:00","description":"Discover the publications that Dr. Rachid and Brain Stimulation Geneva have contributed to.","breadcrumb":{"@id":"https:\/\/tmsdrrachid.com\/publications\/#breadcrumb"},"inLanguage":"fr-FR","potentialAction":[{"@type":"ReadAction","target":["https:\/\/tmsdrrachid.com\/publications\/"]}]},{"@type":"BreadcrumbList","@id":"https:\/\/tmsdrrachid.com\/publications\/#breadcrumb","itemListElement":[{"@type":"ListItem","position":1,"name":"Home","item":"https:\/\/tmsdrrachid.com\/"},{"@type":"ListItem","position":2,"name":"PUBLICATIONS"}]},{"@type":"WebSite","@id":"https:\/\/tmsdrrachid.com\/#website","url":"https:\/\/tmsdrrachid.com\/","name":"Mood Disorder Treatment | Brain Stimulation Geneva","description":"In our practice, we offer a personalized treatment approach to every patient based on their own needs. Find out more today.","publisher":{"@id":"https:\/\/tmsdrrachid.com\/#organization"},"potentialAction":[{"@type":"SearchAction","target":{"@type":"EntryPoint","urlTemplate":"https:\/\/tmsdrrachid.com\/?s={search_term_string}"},"query-input":{"@type":"PropertyValueSpecification","valueRequired":true,"valueName":"search_term_string"}}],"inLanguage":"fr-FR"},{"@type":"Organization","@id":"https:\/\/tmsdrrachid.com\/#organization","name":"Dr F. Rachid","url":"https:\/\/tmsdrrachid.com\/","logo":{"@type":"ImageObject","inLanguage":"fr-FR","@id":"https:\/\/tmsdrrachid.com\/#\/schema\/logo\/image\/","url":"https:\/\/tmsdrrachid.com\/wp-content\/uploads\/2021\/02\/TMS-logo.jpg","contentUrl":"https:\/\/tmsdrrachid.com\/wp-content\/uploads\/2021\/02\/TMS-logo.jpg","width":336,"height":336,"caption":"Dr F. Rachid"},"image":{"@id":"https:\/\/tmsdrrachid.com\/#\/schema\/logo\/image\/"}}]}},"_links":{"self":[{"href":"https:\/\/tmsdrrachid.com\/fr\/wp-json\/wp\/v2\/pages\/16","targetHints":{"allow":["GET"]}}],"collection":[{"href":"https:\/\/tmsdrrachid.com\/fr\/wp-json\/wp\/v2\/pages"}],"about":[{"href":"https:\/\/tmsdrrachid.com\/fr\/wp-json\/wp\/v2\/types\/page"}],"author":[{"embeddable":true,"href":"https:\/\/tmsdrrachid.com\/fr\/wp-json\/wp\/v2\/users\/1"}],"replies":[{"embeddable":true,"href":"https:\/\/tmsdrrachid.com\/fr\/wp-json\/wp\/v2\/comments?post=16"}],"version-history":[{"count":11,"href":"https:\/\/tmsdrrachid.com\/fr\/wp-json\/wp\/v2\/pages\/16\/revisions"}],"predecessor-version":[{"id":394,"href":"https:\/\/tmsdrrachid.com\/fr\/wp-json\/wp\/v2\/pages\/16\/revisions\/394"}],"wp:attachment":[{"href":"https:\/\/tmsdrrachid.com\/fr\/wp-json\/wp\/v2\/media?parent=16"}],"curies":[{"name":"wp","href":"https:\/\/api.w.org\/{rel}","templated":true}]}}