{"id":15,"date":"2020-11-19T12:10:28","date_gmt":"2020-11-19T12:10:28","guid":{"rendered":"https:\/\/tmsdrrachid.com\/?page_id=15"},"modified":"2021-01-12T09:43:42","modified_gmt":"2021-01-12T09:43:42","slug":"the-physician","status":"publish","type":"page","link":"https:\/\/tmsdrrachid.com\/fr\/the-physician\/","title":{"rendered":"Le Medecin"},"content":{"rendered":"<h1>\n\t\tLe Medecin\n\t<\/h1>\n\t\t\t<h2>Dr. Fady Rachid<\/h2><h3>Psychiatrist &#038; Psychotherapist<\/h3>\n\t\t\t\t<p class=\"translation-block\">Le Dr Rachid a compl\u00e9t\u00e9 ses \u00e9tudes de m\u00e9decine \u00e0 <strong> l\u2019Universit\u00e9 Am\u00e9ricaine de Beyrouth<\/strong> , Liban. Il a ensuite suivi une formation post-gradu\u00e9e en psychiatrie aux Etats-Unis, <strong>  \u00e0 l\u2019Universit\u00e9 d\u2019Ohio State<\/strong>  puis <strong> \u00e0 l\u2019Universit\u00e9 de Yale<\/strong>  o\u00f9 il a obtenu ses dipl\u00f4mes de psychiatre, de psychiatre hospitalier et de psychopharmacologue. Il est \u00e9galement titulaire de<strong>  l\u2019American Board of Psychiatry and Neurology (Psychiatrie) <\/strong> , d'un certificat de formation intensive en stimulation magn\u00e9tique transcr\u00e2nienne du Berenson-Allen Center for Non-invasive Brain Stimulation de <strong> l'Universit\u00e9 de Harvard<\/strong> , ainsi que d\u2019un dipl\u00f4me de formation continue en psychiatrie interventionnelle d\u00e9livr\u00e9e par la<strong><a href=\"https:\/\/www.sgip-sspi.ch\/overview\" target=\"_self\"> Soci\u00e9t\u00e9 suisse de psychiatrie interventionnelle<\/a><\/strong><\/p>\n<p>D\u00e8s 1998, durant sa formation post-gradu\u00e9e \u00e0 l\u2019Universit\u00e9 de Yale et en qualit\u00e9 de \u201cChief Resident\u201d, le Dr Rachid a particip\u00e9 aux premiers travaux de recherche dans le domaine de la stimulation magn\u00e9tique transcr\u00e2nienne et de ses applications dans le traitement des hallucinations auditives et de la d\u00e9pression r\u00e9sistante.\u00a0\u00a0<\/p>\n<p class=\"translation-block\">En 2002, il est venu s\u2019installer en Suisse o\u00f9 il a travaill\u00e9 comme chef de clinique puis comme m\u00e9decin associ\u00e9 au sein du Service de psychiatrie adulte des <strong> H\u00f4pitaux Universitaires de Gen\u00e8ve. <\/strong>  Pendant cinq ans, il y a aussi men\u00e9 des activit\u00e9s de recherche clinique sur la stimulation magn\u00e9tique transcr\u00e2nienne, plus particuli\u00e8rement dans le traitement de la d\u00e9pression r\u00e9sistante.<\/p>\n<p>Depuis 2007, le Dr RACHID pratique sa sp\u00e9cialit\u00e9 dans son cabinet priv\u00e9 \u00e0 Gen\u00e8ve.\u00a0<\/p>\n\t\t\t\t<img decoding=\"async\" src=\"https:\/\/tmsdrrachid.com\/wp-content\/uploads\/2020\/11\/Dr-F.-RACHID-v1-scaled.jpg\" alt=\"Dr. Rachid\" itemprop=\"image\" title=\"Dr-F.-RACHID-v1\" onerror=\"this.style.display='none'\" class=\"no-lazyload\" \/>\n\t\t\t<h3>Le Dr Rachid est membre des associations suivantes:<\/h3>\n\t<ul>\n\t\t\t<li>\n\t\t\t\tSoci\u00e9t\u00e9 Suisse de Psychiatrie Interventionnelle (SSPI) Vice-Pr\u00e9sident \n\t\t\t<\/li>\n\t\t\t<li>\n\t\t\t\tSoci\u00e9t\u00e9 Suisse de Psychiatrie et de Psychoth\u00e9rapie (SSPP) \n\t\t\t<\/li>\n\t\t\t<li>\n\t\t\t\tSoci\u00e9t\u00e9 Internationale de Th\u00e9rapie des Sch\u00e9mas.\n\t\t\t<\/li>\n\t\t\t<li>\n\t\t\t\tF\u00e9d\u00e9ration des M\u00e9decins Suisses (FMH)\n\t\t\t<\/li>\n\t\t\t<li>\n\t\t\t\tAssociation des M\u00e9decins du canton de Gen\u00e8ve (AMG)\n\t\t\t<\/li>\n\t\t\t<li>\n\t\t\t\tGroupe des Psychiatres-Psychoth\u00e9rapeutes Genevois (GPPG)\n\t\t\t<\/li>\n\t\t\t<li>\n\t\t\t\tAmerican Psychiatric Association (APA), \u00e9lu International Fellow le 01.01.2016 \n\t\t\t<\/li>\n\t\t\t<li>\n\t\t\t\tF\u00e9d\u00e9ration International des Soci\u00e9t\u00e9s de Psychiatrie Biologiques (WSFPB).\n\t\t\t<\/li>\n\t\t\t<li>\n\t\t\t\tSoci\u00e9t\u00e9 Suisse de Psychiatrie Biologique (SSPB).\n\t\t\t<\/li>\n\t\t\t<li>\n\t\t\t\tAssociation Francaise de Psychiatrie Biologique et Neuropsychopharmacologie (AFPBN). STEP, Stimulations Transcr\u00e2niennes en Psychiatrie. \n\t\t\t<\/li>\n\t\t<\/ul>\n\t\t\t<h3>Spoken Languages<\/h3>\n\t<ul>\n\t\t\t<li>\n\t\t\t\tFran\u00e7ais\n\t\t\t<\/li>\n\t\t\t<li>\n\t\t\t\tAnglais\n\t\t\t<\/li>\n\t\t\t<li>\n\t\t\t\tAllemand\n\t\t\t<\/li>\n\t\t\t<li>\n\t\t\t\tArabe\n\t\t\t<\/li>\n\t\t\t<li>\n\t\t\t\tItalien\n\t\t\t<\/li>\n\t\t\t<li>\n\t\t\t\tEspagnol  \n\t\t\t<\/li>\n\t\t<\/ul>\n\t\t\t\t<img decoding=\"async\" src=\"https:\/\/tmsdrrachid.com\/wp-content\/uploads\/2020\/11\/de..jpg\" alt=\"Dr. Rachid\" itemprop=\"image\" title=\"de.\" onerror=\"this.style.display='none'\" class=\"no-lazyload\" \/>\n\t\t<h2>Pour plus d\u2019informations, contactez notre \u00e9quipe d\u00e8s aujourd\u2019hui<\/h2>\n\t\t\t<a href=\"\/fr\/contact-us\/\" target=\"_self\" role=\"button\" rel=\"noopener\">\n\t\t\t\t\t\t\tNous Contacter\n\t\t\t\t\t<\/a>","protected":false},"excerpt":{"rendered":"<p>The Physician Dr. Fady Rachid Psychiatrist &#038; Psychotherapist Dr.\u00a0Rachid completed his medical studies at the\u00a0American University of Beirut, Lebanon. He then pursued his residency training in psychiatry in the United States initially at the\u00a0Ohio State University\u00a0then at\u00a0Yale University\u00a0where he received his degrees in psychiatry,\u00a0and diplomas in\u00a0hospital psychiatry and\u00a0in\u00a0psychopharmacology. He is also a diplomate of the\u00a0American&hellip;<\/p>","protected":false},"author":1,"featured_media":0,"parent":0,"menu_order":0,"comment_status":"closed","ping_status":"closed","template":"","meta":{"footnotes":""},"class_list":["post-15","page","type-page","status-publish","hentry"],"yoast_head":"<!-- This site is optimized with the Yoast SEO Premium plugin v17.1.2 (Yoast SEO v27.5) - https:\/\/yoast.com\/product\/yoast-seo-premium-wordpress\/ -->\n<title>Dr. Rachid, Physician | Brain Stimulation Geneva<\/title>\n<meta name=\"description\" content=\"Since 2007, Dr. Rachid has practiced his specialty of Transcranial Magnetic Stimulation in his private practice in Geneva.\" \/>\n<meta name=\"robots\" content=\"index, follow, max-snippet:-1, max-image-preview:large, max-video-preview:-1\" \/>\n<link rel=\"canonical\" href=\"https:\/\/tmsdrrachid.com\/fr\/the-physician\/\" \/>\n<meta property=\"og:locale\" content=\"fr_FR\" \/>\n<meta property=\"og:type\" content=\"article\" \/>\n<meta property=\"og:title\" content=\"THE PHYSICIAN\" \/>\n<meta property=\"og:description\" content=\"Since 2007, Dr. Rachid has practiced his specialty of Transcranial Magnetic Stimulation in his private practice in Geneva.\" \/>\n<meta property=\"og:url\" content=\"https:\/\/tmsdrrachid.com\/fr\/the-physician\/\" \/>\n<meta property=\"og:site_name\" content=\"Mood Disorder Treatment | Brain Stimulation Geneva\" \/>\n<meta property=\"article:modified_time\" content=\"2021-01-12T09:43:42+00:00\" \/>\n<meta property=\"og:image\" content=\"https:\/\/tmsdrrachid.com\/wp-content\/uploads\/2020\/11\/Dr-F.-RACHID-v1-scaled.jpg\" \/>\n<meta name=\"twitter:card\" content=\"summary_large_image\" \/>\n<meta name=\"twitter:label1\" content=\"Dur\u00e9e de lecture estim\u00e9e\" \/>\n\t<meta name=\"twitter:data1\" content=\"2 minutes\" \/>\n<script type=\"application\/ld+json\" class=\"yoast-schema-graph\">{\"@context\":\"https:\\\/\\\/schema.org\",\"@graph\":[{\"@type\":\"WebPage\",\"@id\":\"https:\\\/\\\/tmsdrrachid.com\\\/fr\\\/the-physician\\\/\",\"url\":\"https:\\\/\\\/tmsdrrachid.com\\\/fr\\\/the-physician\\\/\",\"name\":\"Dr. Rachid, Physician | Brain Stimulation Geneva\",\"isPartOf\":{\"@id\":\"https:\\\/\\\/tmsdrrachid.com\\\/#website\"},\"primaryImageOfPage\":{\"@id\":\"https:\\\/\\\/tmsdrrachid.com\\\/fr\\\/the-physician\\\/#primaryimage\"},\"image\":{\"@id\":\"https:\\\/\\\/tmsdrrachid.com\\\/fr\\\/the-physician\\\/#primaryimage\"},\"thumbnailUrl\":\"https:\\\/\\\/tmsdrrachid.com\\\/wp-content\\\/uploads\\\/2020\\\/11\\\/Dr-F.-RACHID-v1-scaled.jpg\",\"datePublished\":\"2020-11-19T12:10:28+00:00\",\"dateModified\":\"2021-01-12T09:43:42+00:00\",\"description\":\"Since 2007, Dr. Rachid has practiced his specialty of Transcranial Magnetic Stimulation in his private practice in Geneva.\",\"breadcrumb\":{\"@id\":\"https:\\\/\\\/tmsdrrachid.com\\\/fr\\\/the-physician\\\/#breadcrumb\"},\"inLanguage\":\"fr-FR\",\"potentialAction\":[{\"@type\":\"ReadAction\",\"target\":[\"https:\\\/\\\/tmsdrrachid.com\\\/fr\\\/the-physician\\\/\"]}]},{\"@type\":\"ImageObject\",\"inLanguage\":\"fr-FR\",\"@id\":\"https:\\\/\\\/tmsdrrachid.com\\\/fr\\\/the-physician\\\/#primaryimage\",\"url\":\"https:\\\/\\\/tmsdrrachid.com\\\/wp-content\\\/uploads\\\/2020\\\/11\\\/Dr-F.-RACHID-v1-scaled.jpg\",\"contentUrl\":\"https:\\\/\\\/tmsdrrachid.com\\\/wp-content\\\/uploads\\\/2020\\\/11\\\/Dr-F.-RACHID-v1-scaled.jpg\"},{\"@type\":\"BreadcrumbList\",\"@id\":\"https:\\\/\\\/tmsdrrachid.com\\\/fr\\\/the-physician\\\/#breadcrumb\",\"itemListElement\":[{\"@type\":\"ListItem\",\"position\":1,\"name\":\"Home\",\"item\":\"https:\\\/\\\/tmsdrrachid.com\\\/\"},{\"@type\":\"ListItem\",\"position\":2,\"name\":\"THE PHYSICIAN\"}]},{\"@type\":\"WebSite\",\"@id\":\"https:\\\/\\\/tmsdrrachid.com\\\/#website\",\"url\":\"https:\\\/\\\/tmsdrrachid.com\\\/\",\"name\":\"Mood Disorder Treatment | Brain Stimulation Geneva\",\"description\":\"In our practice, we offer a personalized treatment approach to every patient based on their own needs. Find out more today.\",\"publisher\":{\"@id\":\"https:\\\/\\\/tmsdrrachid.com\\\/#organization\"},\"potentialAction\":[{\"@type\":\"SearchAction\",\"target\":{\"@type\":\"EntryPoint\",\"urlTemplate\":\"https:\\\/\\\/tmsdrrachid.com\\\/?s={search_term_string}\"},\"query-input\":{\"@type\":\"PropertyValueSpecification\",\"valueRequired\":true,\"valueName\":\"search_term_string\"}}],\"inLanguage\":\"fr-FR\"},{\"@type\":\"Organization\",\"@id\":\"https:\\\/\\\/tmsdrrachid.com\\\/#organization\",\"name\":\"Dr F. Rachid\",\"url\":\"https:\\\/\\\/tmsdrrachid.com\\\/\",\"logo\":{\"@type\":\"ImageObject\",\"inLanguage\":\"fr-FR\",\"@id\":\"https:\\\/\\\/tmsdrrachid.com\\\/#\\\/schema\\\/logo\\\/image\\\/\",\"url\":\"https:\\\/\\\/tmsdrrachid.com\\\/wp-content\\\/uploads\\\/2021\\\/02\\\/TMS-logo.jpg\",\"contentUrl\":\"https:\\\/\\\/tmsdrrachid.com\\\/wp-content\\\/uploads\\\/2021\\\/02\\\/TMS-logo.jpg\",\"width\":336,\"height\":336,\"caption\":\"Dr F. Rachid\"},\"image\":{\"@id\":\"https:\\\/\\\/tmsdrrachid.com\\\/#\\\/schema\\\/logo\\\/image\\\/\"}}]}<\/script>\n<!-- \/ Yoast SEO Premium plugin. -->","yoast_head_json":{"title":"Dr. Rachid, Physician | Brain Stimulation Geneva","description":"Since 2007, Dr. Rachid has practiced his specialty of Transcranial Magnetic Stimulation in his private practice in Geneva.","robots":{"index":"index","follow":"follow","max-snippet":"max-snippet:-1","max-image-preview":"max-image-preview:large","max-video-preview":"max-video-preview:-1"},"canonical":"https:\/\/tmsdrrachid.com\/fr\/the-physician\/","og_locale":"fr_FR","og_type":"article","og_title":"THE PHYSICIAN","og_description":"Since 2007, Dr. Rachid has practiced his specialty of Transcranial Magnetic Stimulation in his private practice in Geneva.","og_url":"https:\/\/tmsdrrachid.com\/fr\/the-physician\/","og_site_name":"Mood Disorder Treatment | Brain Stimulation Geneva","article_modified_time":"2021-01-12T09:43:42+00:00","og_image":[{"url":"https:\/\/tmsdrrachid.com\/wp-content\/uploads\/2020\/11\/Dr-F.-RACHID-v1-scaled.jpg","type":"","width":"","height":""}],"twitter_card":"summary_large_image","twitter_misc":{"Dur\u00e9e de lecture estim\u00e9e":"2 minutes"},"schema":{"@context":"https:\/\/schema.org","@graph":[{"@type":"WebPage","@id":"https:\/\/tmsdrrachid.com\/fr\/the-physician\/","url":"https:\/\/tmsdrrachid.com\/fr\/the-physician\/","name":"Dr. Rachid, Physician | Brain Stimulation Geneva","isPartOf":{"@id":"https:\/\/tmsdrrachid.com\/#website"},"primaryImageOfPage":{"@id":"https:\/\/tmsdrrachid.com\/fr\/the-physician\/#primaryimage"},"image":{"@id":"https:\/\/tmsdrrachid.com\/fr\/the-physician\/#primaryimage"},"thumbnailUrl":"https:\/\/tmsdrrachid.com\/wp-content\/uploads\/2020\/11\/Dr-F.-RACHID-v1-scaled.jpg","datePublished":"2020-11-19T12:10:28+00:00","dateModified":"2021-01-12T09:43:42+00:00","description":"Since 2007, Dr. Rachid has practiced his specialty of Transcranial Magnetic Stimulation in his private practice in Geneva.","breadcrumb":{"@id":"https:\/\/tmsdrrachid.com\/fr\/the-physician\/#breadcrumb"},"inLanguage":"fr-FR","potentialAction":[{"@type":"ReadAction","target":["https:\/\/tmsdrrachid.com\/fr\/the-physician\/"]}]},{"@type":"ImageObject","inLanguage":"fr-FR","@id":"https:\/\/tmsdrrachid.com\/fr\/the-physician\/#primaryimage","url":"https:\/\/tmsdrrachid.com\/wp-content\/uploads\/2020\/11\/Dr-F.-RACHID-v1-scaled.jpg","contentUrl":"https:\/\/tmsdrrachid.com\/wp-content\/uploads\/2020\/11\/Dr-F.-RACHID-v1-scaled.jpg"},{"@type":"BreadcrumbList","@id":"https:\/\/tmsdrrachid.com\/fr\/the-physician\/#breadcrumb","itemListElement":[{"@type":"ListItem","position":1,"name":"Home","item":"https:\/\/tmsdrrachid.com\/"},{"@type":"ListItem","position":2,"name":"THE PHYSICIAN"}]},{"@type":"WebSite","@id":"https:\/\/tmsdrrachid.com\/#website","url":"https:\/\/tmsdrrachid.com\/","name":"Mood Disorder Treatment | Brain Stimulation Geneva","description":"In our practice, we offer a personalized treatment approach to every patient based on their own needs. Find out more today.","publisher":{"@id":"https:\/\/tmsdrrachid.com\/#organization"},"potentialAction":[{"@type":"SearchAction","target":{"@type":"EntryPoint","urlTemplate":"https:\/\/tmsdrrachid.com\/?s={search_term_string}"},"query-input":{"@type":"PropertyValueSpecification","valueRequired":true,"valueName":"search_term_string"}}],"inLanguage":"fr-FR"},{"@type":"Organization","@id":"https:\/\/tmsdrrachid.com\/#organization","name":"Dr F. Rachid","url":"https:\/\/tmsdrrachid.com\/","logo":{"@type":"ImageObject","inLanguage":"fr-FR","@id":"https:\/\/tmsdrrachid.com\/#\/schema\/logo\/image\/","url":"https:\/\/tmsdrrachid.com\/wp-content\/uploads\/2021\/02\/TMS-logo.jpg","contentUrl":"https:\/\/tmsdrrachid.com\/wp-content\/uploads\/2021\/02\/TMS-logo.jpg","width":336,"height":336,"caption":"Dr F. Rachid"},"image":{"@id":"https:\/\/tmsdrrachid.com\/#\/schema\/logo\/image\/"}}]}},"_links":{"self":[{"href":"https:\/\/tmsdrrachid.com\/fr\/wp-json\/wp\/v2\/pages\/15","targetHints":{"allow":["GET"]}}],"collection":[{"href":"https:\/\/tmsdrrachid.com\/fr\/wp-json\/wp\/v2\/pages"}],"about":[{"href":"https:\/\/tmsdrrachid.com\/fr\/wp-json\/wp\/v2\/types\/page"}],"author":[{"embeddable":true,"href":"https:\/\/tmsdrrachid.com\/fr\/wp-json\/wp\/v2\/users\/1"}],"replies":[{"embeddable":true,"href":"https:\/\/tmsdrrachid.com\/fr\/wp-json\/wp\/v2\/comments?post=15"}],"version-history":[{"count":11,"href":"https:\/\/tmsdrrachid.com\/fr\/wp-json\/wp\/v2\/pages\/15\/revisions"}],"predecessor-version":[{"id":336,"href":"https:\/\/tmsdrrachid.com\/fr\/wp-json\/wp\/v2\/pages\/15\/revisions\/336"}],"wp:attachment":[{"href":"https:\/\/tmsdrrachid.com\/fr\/wp-json\/wp\/v2\/media?parent=15"}],"curies":[{"name":"wp","href":"https:\/\/api.w.org\/{rel}","templated":true}]}}